{"id":10815,"date":"2021-04-23T10:43:33","date_gmt":"2021-04-23T07:43:33","guid":{"rendered":"https:\/\/lentopallo.info\/lentopallo\/?page_id=10815"},"modified":"2021-04-25T13:19:01","modified_gmt":"2021-04-25T10:19:01","slug":"kokemuksia-kuntokaupasta","status":"publish","type":"page","link":"https:\/\/lentopallo.info\/lentopallo\/kokemuksia-kuntokaupasta\/","title":{"rendered":"Kokemuksia Kuntokaupasta"},"content":{"rendered":"<p style=\"font-family: verdana;\"><em>Mainos, Kuntokauppa.fi<\/em><\/p>\n<p style=\"font-family: verdana;\"><strong><a href=\"https:\/\/www.kuntokauppa.fi\/\" target=\"_blank\" rel=\"noopener\">Kuntokauppa.fi<\/a> on kotikuntoilijan aarresaari. Kuntokaupalla on tarjolla kuntoiluv\u00e4lineit\u00e4 laajalla skaalalla ja hyv\u00e4\u00e4n hintaan.<\/strong><!--more--><\/p>\n<p style=\"font-family: verdana;\">Kuntokauppa.fi panostaa edullisiin hintoihin ja hyv\u00e4\u00e4n asiakaspalveluun. Valikoimasta l\u00f6ytyy laadukkaita kuntoiluv\u00e4lineit\u00e4, joista on kuntoilijoille aidosti hy\u00f6ty\u00e4.<\/p>\n<p style=\"font-family: verdana;\">Selke\u00e4n ja helppok\u00e4ytt\u00f6isen <a href=\"http:\/\/kuntokauppa.fi\" target=\"_blank\" rel=\"noopener\">verkkokaupan<\/a> lis\u00e4ksi ostoksia voi tehd\u00e4 noutomyym\u00e4l\u00f6iss\u00e4 Tampereella ja Vantaalla. Noutomyym\u00e4l\u00f6iss\u00e4 on my\u00f6s mahdollista testata kuntoiluv\u00e4lineit\u00e4.<\/p>\n<p style=\"font-family: verdana;\">Juoksumatot ja s\u00e4hk\u00f6py\u00f6r\u00e4t kuuluvat Kuntokaupan k\u00e4rkituotteisiin.<\/p>\n<p style=\"font-family: verdana;\"><strong>Juoksumatto<\/strong> antaa loistavan mahdollisuuden ymp\u00e4rivuotiseen juoksuharrastukseen. Kuntokaupan valikoima on monipuolinen, sill\u00e4 juoksumattoja l\u00f6ytyy niin kotiin kuin kovaan ammattik\u00e4ytt\u00f6\u00f6n.<\/p>\n<p style=\"font-family: verdana;\">Kuntokauppa tarjoaa juoksumaton valintaoppaan netiss\u00e4. Lis\u00e4ksi Kuntokaupan asiantuntijoilta saa opastusta s\u00e4hk\u00f6postilla, puhelimitse ja chatissa.<\/p>\n<ul>\n<li><a href=\"https:\/\/www.kuntokauppa.fi\/juoksumatot\" target=\"_blank\" rel=\"noopener\"><strong>Kuntokauppa: juoksumatot<\/strong><\/a><\/li>\n<\/ul>\n<p style=\"font-family: verdana;\"><strong>S\u00e4hk\u00f6py\u00f6r\u00e4t<\/strong> (s\u00e4hk\u00f6avusteiset polkupy\u00f6r\u00e4t) ovat todellinen ilmi\u00f6. S\u00e4hk\u00f6py\u00f6rien k\u00e4ytt\u00e4minen ripe\u00e4\u00e4n liikkumiseen ja kuntoiluun kasvaa p\u00e4iv\u00e4 p\u00e4iv\u00e4lt\u00e4. Ne ovat yh\u00e4 yleisempi vaihtoehto henkil\u00f6autolle ja joukkoliikenteelle.<\/p>\n<p style=\"font-family: verdana;\">Kuntokaupan laajasta valikoimasta l\u00f6ytyy 250 W:n moottorilla ja pitk\u00e4n kantaman omaavilla akuilla varustettuja s\u00e4hk\u00f6py\u00f6ri\u00e4. Onko mieless\u00e4si kaupunki-, retki- vai maastopy\u00f6r\u00e4 tai ehk\u00e4 fatbike? Kaikki n\u00e4m\u00e4 l\u00f6ytyv\u00e4t Kuntokaupalta.<\/p>\n<ul>\n<li><a href=\"https:\/\/www.kuntokauppa.fi\/sahkopyorat\" target=\"_blank\" rel=\"noopener\"><strong>Kuntokauppa: s\u00e4hk\u00f6py\u00f6r\u00e4t<\/strong><\/a><\/li>\n<\/ul>\n<p style=\"font-family: verdana;\">Kuntokaupalta l\u00f6yd\u00e4t my\u00f6s lentopallot ja lentopalloverkot. Palloja l\u00f6ytyy harrastusmalleista aina ottelupalloihin. Verkko pystyyn, pallo haltuun ja pelit k\u00e4yntiin!<\/p>\n<p style=\"font-family: verdana;\">Aina palveleva ja mielell\u00e4\u00e4n opastava Kuntokauppa.fi hinnoittelee tuotteensa niin, ettei kuntoiluv\u00e4lineit\u00e4 tarvitse muualta etsi\u00e4. \u201dKotikuntoilijan aarresaari\u201d on slogan, joka muotoutui Kuntokaupan ja sen asiakkaiden vuorovaikutuksessa. Se kuvaa Kuntokaupan missiota osuvasti.<\/p>\n<p style=\"font-family: verdana;\">&#8211; Teemme t\u00f6it\u00e4 koko henkil\u00f6kuntamme voimin sen eteen, ett\u00e4 missiomme toteutuu p\u00e4ivitt\u00e4isess\u00e4 toiminnassamme. Asiakkaidemme tyytyv\u00e4isyys ja palaute on meille ensiarvoisen t\u00e4rke\u00e4\u00e4, Kuntokaupasta kerrotaan.<\/p>\n<ul>\n<li><a href=\"https:\/\/www.kuntokauppa.fi\/\" target=\"_blank\" rel=\"noopener\"><strong> Siirry Kuntokauppaan t\u00e4st\u00e4<\/strong><\/a><\/li>\n<\/ul>\n","protected":false},"excerpt":{"rendered":"<p>Mainos, Kuntokauppa.fi Kuntokauppa.fi on kotikuntoilijan aarresaari. Kuntokaupalla on tarjolla kuntoiluv\u00e4lineit\u00e4 laajalla skaalalla ja hyv\u00e4\u00e4n hintaan.<\/p>\n","protected":false},"author":1,"featured_media":10817,"parent":0,"menu_order":0,"comment_status":"closed","ping_status":"closed","template":"","meta":{"nf_dc_page":"","twitterCardType":"","cardImageID":0,"cardImage":"","cardTitle":"","cardDesc":"","cardImageAlt":"","cardPlayer":"","cardPlayerWidth":0,"cardPlayerHeight":0,"cardPlayerStream":"","cardPlayerCodec":"","footnotes":""},"class_list":["post-10815","page","type-page","status-publish","has-post-thumbnail","hentry"],"_links":{"self":[{"href":"https:\/\/lentopallo.info\/lentopallo\/wp-json\/wp\/v2\/pages\/10815","targetHints":{"allow":["GET"]}}],"collection":[{"href":"https:\/\/lentopallo.info\/lentopallo\/wp-json\/wp\/v2\/pages"}],"about":[{"href":"https:\/\/lentopallo.info\/lentopallo\/wp-json\/wp\/v2\/types\/page"}],"author":[{"embeddable":true,"href":"https:\/\/lentopallo.info\/lentopallo\/wp-json\/wp\/v2\/users\/1"}],"replies":[{"embeddable":true,"href":"https:\/\/lentopallo.info\/lentopallo\/wp-json\/wp\/v2\/comments?post=10815"}],"version-history":[{"count":5,"href":"https:\/\/lentopallo.info\/lentopallo\/wp-json\/wp\/v2\/pages\/10815\/revisions"}],"predecessor-version":[{"id":10836,"href":"https:\/\/lentopallo.info\/lentopallo\/wp-json\/wp\/v2\/pages\/10815\/revisions\/10836"}],"wp:featuredmedia":[{"embeddable":true,"href":"https:\/\/lentopallo.info\/lentopallo\/wp-json\/wp\/v2\/media\/10817"}],"wp:attachment":[{"href":"https:\/\/lentopallo.info\/lentopallo\/wp-json\/wp\/v2\/media?parent=10815"}],"curies":[{"name":"wp","href":"https:\/\/api.w.org\/{rel}","templated":true}]}}