{"id":34,"date":"2017-09-26T00:04:33","date_gmt":"2017-09-25T22:04:33","guid":{"rendered":"http:\/\/lentopallo.info\/lentopallo\/?page_id=34"},"modified":"2024-03-16T14:24:41","modified_gmt":"2024-03-16T11:24:41","slug":"yhteystiedot","status":"publish","type":"page","link":"https:\/\/lentopallo.info\/lentopallo\/yhteystiedot\/","title":{"rendered":"Yhteystiedot"},"content":{"rendered":"<p><strong>Lentopallo.info<\/strong> on riippumaton, ammattilaisten toimittama lentopallon erikoisjulkaisu, jonka tarkoitus on pureutua lajiin kokonaisvaltaisesti, ruohonjuuritasolta kansainv\u00e4liseen huippu-urheiluun.<\/p>\n<p>Julkaisun beta-vaihe alkoi 25.9.2017 ja varsinainen toiminta 15.8.2018.<\/p>\n<p><strong>Yhteisty\u00f6kumppanit otetaan avosylin vastaan<\/strong> &#8211; haluat sitten tuottaa sis\u00e4lt\u00f6\u00e4, tiedottaa tai mainostaa.<\/p>\n<p>Lentopallo.infoa toimittaa suomalainen yritys <a href=\"https:\/\/eastsidemedia.fi\/sivusto\/2024\/02\/07\/east-side-median-urheilusivustot\/\" target=\"_blank\" rel=\"noopener\">East Side Media<\/a>.<\/p>\n<p>Ota yhteytt\u00e4 s\u00e4hk\u00f6postitse: <strong>toimitus (at) lentopallo . info<\/strong><\/p>\n<p>Lentopallo.info <a href=\"http:\/\/www.facebook.com\/lentopalloa\" target=\"_blank\" rel=\"noopener noreferrer\">Facebookissa<\/a>, <a href=\"http:\/\/www.twitter.com\/lentopalloa\" target=\"_blank\" rel=\"noopener noreferrer\">X:ss\u00e4<\/a><\/p>\n","protected":false},"excerpt":{"rendered":"<p>Lentopallo.info on riippumaton, ammattilaisten toimittama lentopallon erikoisjulkaisu, jonka tarkoitus on pureutua lajiin kokonaisvaltaisesti, ruohonjuuritasolta kansainv\u00e4liseen huippu-urheiluun. Julkaisun beta-vaihe alkoi 25.9.2017 ja varsinainen toiminta 15.8.2018. Yhteisty\u00f6kumppanit otetaan avosylin vastaan &#8211; haluat sitten tuottaa sis\u00e4lt\u00f6\u00e4, tiedottaa tai mainostaa. Lentopallo.infoa toimittaa suomalainen yritys East Side Media. Ota yhteytt\u00e4 s\u00e4hk\u00f6postitse: toimitus (at) lentopallo . info Lentopallo.info Facebookissa, X:ss\u00e4<\/p>\n","protected":false},"author":1,"featured_media":0,"parent":0,"menu_order":0,"comment_status":"closed","ping_status":"closed","template":"","meta":{"nf_dc_page":"","twitterCardType":"summary_large_image","cardImageID":0,"cardImage":"","cardTitle":"","cardDesc":"","cardImageAlt":"","cardPlayer":"","cardPlayerWidth":0,"cardPlayerHeight":0,"cardPlayerStream":"","cardPlayerCodec":"","footnotes":""},"class_list":["post-34","page","type-page","status-publish","hentry"],"_links":{"self":[{"href":"https:\/\/lentopallo.info\/lentopallo\/wp-json\/wp\/v2\/pages\/34","targetHints":{"allow":["GET"]}}],"collection":[{"href":"https:\/\/lentopallo.info\/lentopallo\/wp-json\/wp\/v2\/pages"}],"about":[{"href":"https:\/\/lentopallo.info\/lentopallo\/wp-json\/wp\/v2\/types\/page"}],"author":[{"embeddable":true,"href":"https:\/\/lentopallo.info\/lentopallo\/wp-json\/wp\/v2\/users\/1"}],"replies":[{"embeddable":true,"href":"https:\/\/lentopallo.info\/lentopallo\/wp-json\/wp\/v2\/comments?post=34"}],"version-history":[{"count":5,"href":"https:\/\/lentopallo.info\/lentopallo\/wp-json\/wp\/v2\/pages\/34\/revisions"}],"predecessor-version":[{"id":17885,"href":"https:\/\/lentopallo.info\/lentopallo\/wp-json\/wp\/v2\/pages\/34\/revisions\/17885"}],"wp:attachment":[{"href":"https:\/\/lentopallo.info\/lentopallo\/wp-json\/wp\/v2\/media?parent=34"}],"curies":[{"name":"wp","href":"https:\/\/api.w.org\/{rel}","templated":true}]}}